{"id":3,"date":"2025-01-17T11:38:54","date_gmt":"2025-01-17T11:38:54","guid":{"rendered":"http:\/\/dr-jas.de\/?page_id=3"},"modified":"2025-05-08T14:23:49","modified_gmt":"2025-05-08T14:23:49","slug":"datenschutz","status":"publish","type":"page","link":"https:\/\/dr-jas.de\/en\/datenschutz\/","title":{"rendered":"Privacy Policy"},"content":{"rendered":"<div data-elementor-type=\"wp-page\" data-elementor-id=\"3\" class=\"elementor elementor-3\" data-elementor-post-type=\"page\">\n\t\t\t\t<div class=\"elementor-element elementor-element-822edd9 e-con-full e-flex e-con e-parent\" data-id=\"822edd9\" data-element_type=\"container\" data-e-type=\"container\" data-settings=\"{&quot;animation&quot;:&quot;none&quot;}\">\n\t\t<div class=\"elementor-element elementor-element-40b8837 e-flex e-con-boxed e-con e-child\" data-id=\"40b8837\" data-element_type=\"container\" data-e-type=\"container\">\n\t\t\t\t\t<div class=\"e-con-inner\">\n\t\t\t\t<div class=\"elementor-element elementor-element-22cd55c elementor-widget elementor-widget-the7-heading\" data-id=\"22cd55c\" data-element_type=\"widget\" data-e-type=\"widget\" data-widget_type=\"the7-heading.default\">\n\t\t\t\t<div class=\"elementor-widget-container\">\n\t\t\t\t\t<h2 class=\"the7-heading-title elementor-size-default\">Privacy Policy<\/h2>\t\t\t\t<\/div>\n\t\t\t\t<\/div>\n\t\t\t\t<div class=\"elementor-element elementor-element-d393856 elementor-widget-tablet__width-inherit elementor-widget elementor-widget-text-editor\" data-id=\"d393856\" data-element_type=\"widget\" data-e-type=\"widget\" data-widget_type=\"text-editor.default\">\n\t\t\t\t<div class=\"elementor-widget-container\">\n\t\t\t\t\t\t\t\t\t<p><strong>1. Allgemeine Hinweise<\/strong><br \/>Der Schutz Ihrer pers\u00f6nlichen Daten ist uns ein besonderes Anliegen. Wir verarbeiten Ihre Daten daher ausschlie\u00dflich auf Grundlage der gesetzlichen Bestimmungen (DSGVO, TMG, TTDSG). In dieser Datenschutzerkl\u00e4rung informieren wir Sie \u00fcber die wichtigsten Aspekte der Datenverarbeitung im Rahmen unserer Website.<\/p><p><strong>2. Verantwortliche Stelle<\/strong><br \/>Dr.med. Vitus Jas<br \/>Innstra\u00dfe 8<br \/>83022 Rosenheim<br \/>Tel.: 08031 33083<br \/>E-Mail: praxis@dr-jas.de<\/p><p><strong>3. Hosting<\/strong><br \/>Unsere Website wird bei STRATO AG, Pascalstra\u00dfe 10, 10587 Berlin, gehostet.<\/p><p>STRATO verarbeitet personenbezogene Daten (z.\u202fB. IP-Adressen, Logfiles) zur Bereitstellung der Website-Infrastruktur im Rahmen einer Auftragsverarbeitung gem\u00e4\u00df Art. 28 DSGVO. Es wurden entsprechende Vereinbarungen zur Sicherstellung des Datenschutzes getroffen.<\/p><p><strong>4. Erhebung und Speicherung personenbezogener Daten<\/strong> <strong>sowie Art und Zweck von deren Verwendung<\/strong><br \/>a) Beim Besuch der Website<br \/>Beim Aufrufen unserer Website werden durch den auf Ihrem Endger\u00e4t zum Einsatz kommenden Browser automatisch Informationen an unseren Server gesendet. Diese Informationen werden tempor\u00e4r in einem sogenannten Logfile gespeichert:<\/p><ul><li>IP-Adresse des anfragenden Rechners<\/li><li>Datum und Uhrzeit des Zugriffs<\/li><li>Name und URL der abgerufenen Datei<\/li><li>Website, von der aus der Zugriff erfolgt<\/li><li>Verwendeter Browser und ggf. das Betriebssystem Ihres Rechners<\/li><\/ul><p>Zweck:<br \/>Diese Daten dienen der technischen Stabilit\u00e4t, der Sicherheit sowie der Optimierung der Website.<\/p><p>Rechtsgrundlage: Art. 6 Abs. 1 lit. f DSGVO<\/p><p><strong>5. Cookies &amp; Cookie-Consent mit Complianz<\/strong><br \/>Unsere Website verwendet Cookies, um bestimmte Funktionen bereitzustellen sowie das Nutzerverhalten zu analysieren. Dabei kommen sowohl technisch notwendige Cookies als auch Cookies f\u00fcr Analyse- und Marketingzwecke zum Einsatz.<\/p><p>Beim ersten Besuch der Website erscheint ein Cookie-Banner, gesteuert durch das Plugin Complianz, \u00fcber das Sie der Verwendung nicht-essentieller Cookies zustimmen oder diese ablehnen k\u00f6nnen.<\/p><p>Rechtsgrundlagen:<\/p><p>Technisch notwendige Cookies: Art. 6 Abs. 1 lit. f DSGVO<\/p><p>Alle anderen Cookies: Art. 6 Abs. 1 lit. a DSGVO<\/p><p><strong>6. Verwendung von Google Fonts<\/strong><br \/>Auf dieser Website werden Google Fonts verwendet, um Schriftarten einheitlich darzustellen. Dabei haben wir die Schriftarten lokal eingebunden, sodass keine Verbindung zu Servern von Google (Google LLC) hergestellt wird.<\/p><p>Sollte in Einzelf\u00e4llen eine externe Einbindung erfolgen (z.\u202fB. \u00fcber ein Plugin), wird dies im Rahmen des Cookie-Consent-Banners separat abgefragt.<\/p><p>Rechtsgrundlage bei externer Einbindung: Art. 6 Abs. 1 lit. a DSGVO (Einwilligung)<\/p><p>Mehr Informationen zu Google Fonts finden Sie unter:<br \/>https:\/\/fonts.google.com<br \/>und in der Datenschutzerkl\u00e4rung von Google:<br \/>https:\/\/policies.google.com\/privacy<\/p><p><strong>7. Terminbuchung \u00fcber Doctolib<\/strong><br \/>F\u00fcr die Online-Terminvereinbarung nutzen wir den Dienst Doctolib GmbH, Mehringdamm 51, 10961 Berlin. Wenn Sie einen Termin online buchen, werden Sie auf die Plattform von Doctolib weitergeleitet.<\/p><p>Es gelten die Datenschutzbestimmungen von Doctolib:<br \/>https:\/\/www.doctolib.de\/terms\/agreement<\/p><p><strong>8. Online-Formulare\u00a0<\/strong><br \/>Wenn Sie uns \u00fcber ein Formular auf der Website kontaktieren (z.\u202fB. zur Rezeptbestellung), werden die von Ihnen angegebenen Daten zwecks Bearbeitung der Anfrage und f\u00fcr den Fall von R\u00fcckfragen gespeichert.<\/p><p>Rechtsgrundlage: Art. 6 Abs. 1 lit. b DSGVO<\/p><p><strong>9. Analyse-Tools und Werbung<\/strong><br \/><strong>Google Analytics<\/strong><br \/>Diese Website nutzt Funktionen des Webanalysedienstes Google Analytics. Anbieter ist die Google Ireland Limited (\u201eGoogle\u201d), Gordon House, Barrow Street, Dublin 4, Irland.<\/p><p>Google Analytics erm\u00f6glicht es dem Websitebetreiber, das Verhalten der Websitebesucher zu analysieren. Hierbei erh\u00e4lt der Websitebetreiber verschiedene Nutzungsdaten, wie z.B. Seitenaufrufe, Verweildauer, verwendete Betriebssysteme und Herkunft des Nutzers. Diese Daten werden von Google ggf. in einem Profil zusammengefasst, das dem jeweiligen Nutzer bzw. dessen Endger\u00e4t zugeordnet ist.<\/p><p>Google Analytics verwendet Technologien, die die Wiedererkennung des Nutzers zum Zwecke der Analyse des Nutzerverhaltens erm\u00f6glichen (z.B. Cookies oder Device-Fingerprinting). Die von Google erfassten Informationen \u00fcber die Benutzung dieser Website werden in der Regel an einen Server von Google in den USA \u00fcbertragen und dort gespeichert.<\/p><p>Sofern eine entsprechende Einwilligung abgefragt wurde (z. B. eine Einwilligung zur Speicherung von Cookies), erfolgt die Verarbeitung ausschlie\u00dflich auf Grundlage von Art. 6 Abs. 1 lit. a DSGVO; die Einwilligung ist jederzeit widerrufbar.<\/p><p><span style=\"text-decoration: underline;\">IP Anonymisierung<\/span><\/p><p>Wir haben auf dieser Website die Funktion IP-Anonymisierung aktiviert. Dadurch wird Ihre IP-Adresse von Google innerhalb von Mitgliedstaaten der Europ\u00e4ischen Union oder in anderen Vertragsstaaten des Abkommens \u00fcber den Europ\u00e4ischen Wirtschaftsraum vor der \u00dcbermittlung in die USA gek\u00fcrzt. Nur in Ausnahmef\u00e4llen wird die volle IP-Adresse an einen Server von Google in den USA \u00fcbertragen und dort gek\u00fcrzt. Im Auftrag des Betreibers dieser Website wird Google diese Informationen benutzen, um Ihre Nutzung der Website auszuwerten, um Reports \u00fcber die Websiteaktivit\u00e4ten zusammenzustellen und um weitere mit der Websitenutzung und der Internetnutzung verbundene Dienstleistungen gegen\u00fcber dem Websitebetreiber zu erbringen. Die im Rahmen von Google Analytics von Ihrem Browser \u00fcbermittelte IP-Adresse wird nicht mit anderen Daten von Google zusammengef\u00fchrt.<\/p><p><span style=\"text-decoration: underline;\">Browser Plugin<\/span><\/p><p>Sie k\u00f6nnen die Erfassung und Verarbeitung Ihrer Daten durch Google verhindern, indem Sie das unter dem folgenden Link verf\u00fcgbare Browser-Plugin herunterladen und installieren: https:\/\/tools.google.com\/dlpage\/gaoptout?hl=de.<\/p><p>Mehr Informationen zum Umgang mit Nutzerdaten bei Google Analytics finden Sie in der Datenschutzerkl\u00e4rung von Google: https:\/\/support.google.com\/analytics\/answer\/6004245?hl=de.<\/p><p><span style=\"text-decoration: underline;\">Auftragsverarbeitung<\/span><\/p><p>Wir haben mit Google einen Vertrag zur Auftragsverarbeitung abgeschlossen und setzen die strengen Vorgaben der deutschen Datenschutzbeh\u00f6rden bei der Nutzung von Google Analytics vollst\u00e4ndig um.<\/p><p><span style=\"text-decoration: underline;\">Speicherdauer<\/span><\/p><p>Bei Google gespeicherte Daten auf Nutzer- und Ereignisebene, die mit Cookies, Nutzerkennungen (z. B. User ID) oder Werbe-IDs (z. B. DoubleClick-Cookies, Android-Werbe-ID) verkn\u00fcpft sind, werden nach 14 Monaten anonymisiert bzw. gel\u00f6scht. Details hierzu ersehen Sie unter folgendem Link: https:\/\/support.google.com\/analytics\/answer\/7667196?hl=de<\/p><p><strong>10. Ihre Rechte<\/strong><br \/>Sie haben das Recht auf:<\/p><ul><li>Auskunft \u00fcber Ihre personenbezogenen Daten (Art. 15 DSGVO)<\/li><li>Berichtigung unrichtiger Daten (Art. 16 DSGVO)<\/li><li>L\u00f6schung Ihrer Daten (Art. 17 DSGVO)<\/li><li>Einschr\u00e4nkung der Verarbeitung (Art. 18 DSGVO)<\/li><li>Daten\u00fcbertragbarkeit (Art. 20 DSGVO)<\/li><li>Widerspruch gegen die Verarbeitung (Art. 21 DSGVO)<\/li><li>Beschwerde bei der zust\u00e4ndigen Aufsichtsbeh\u00f6rde (Art. 77 DSGVO)<\/li><\/ul><p><strong>11. Datensicherheit<\/strong><br \/>Unsere Website verwendet ein SSL-Zertifikat zur verschl\u00fcsselten Daten\u00fcbertragung (erkennbar am &#8222;https&#8220; in der Adresszeile des Browsers).<\/p><p><strong>12. Widerspruch gegen Werbe-E-Mails<\/strong><br \/>Der Nutzung von im Rahmen der Impressumspflicht ver\u00f6ffentlichten Kontaktdaten zur \u00dcbersendung von nicht ausdr\u00fccklich angeforderter Werbung und Informationsmaterialien wird hiermit widersprochen. Die Betreiber der Seiten behalten sich ausdr\u00fccklich rechtliche Schritte im Falle der unverlangten Zusendung von Werbeinformationen, etwa durch Spam-E-Mails, vor.<\/p><p><strong>13. Aktualit\u00e4t<\/strong><br \/>Diese Datenschutzerkl\u00e4rung ist aktuell g\u00fcltig und wurde zuletzt am 4. Mai 2025 aktualisiert.<\/p>\t\t\t\t\t\t\t\t<\/div>\n\t\t\t\t<\/div>\n\t\t\t\t\t<\/div>\n\t\t\t\t<\/div>\n\t\t\t\t<\/div>\n\t\t\t\t<\/div>","protected":false},"excerpt":{"rendered":"<p>Datenschutzerkl\u00e4rung 1. Allgemeine HinweiseDer Schutz Ihrer pers\u00f6nlichen Daten ist uns ein besonderes Anliegen. Wir verarbeiten Ihre Daten daher ausschlie\u00dflich auf Grundlage der gesetzlichen Bestimmungen (DSGVO, TMG, TTDSG). In dieser Datenschutzerkl\u00e4rung informieren wir Sie \u00fcber die wichtigsten Aspekte der Datenverarbeitung im Rahmen unserer Website. 2. Verantwortliche StelleDr.med. Vitus JasInnstra\u00dfe 883022 RosenheimTel.: 08031 33083E-Mail: praxis@dr-jas.de 3. HostingUnsere&hellip;<\/p>","protected":false},"author":1,"featured_media":0,"parent":0,"menu_order":0,"comment_status":"closed","ping_status":"closed","template":"elementor_header_footer","meta":{"footnotes":""},"class_list":["post-3","page","type-page","status-publish","hentry"],"aioseo_notices":[],"_links":{"self":[{"href":"https:\/\/dr-jas.de\/en\/wp-json\/wp\/v2\/pages\/3","targetHints":{"allow":["GET"]}}],"collection":[{"href":"https:\/\/dr-jas.de\/en\/wp-json\/wp\/v2\/pages"}],"about":[{"href":"https:\/\/dr-jas.de\/en\/wp-json\/wp\/v2\/types\/page"}],"author":[{"embeddable":true,"href":"https:\/\/dr-jas.de\/en\/wp-json\/wp\/v2\/users\/1"}],"replies":[{"embeddable":true,"href":"https:\/\/dr-jas.de\/en\/wp-json\/wp\/v2\/comments?post=3"}],"version-history":[{"count":16,"href":"https:\/\/dr-jas.de\/en\/wp-json\/wp\/v2\/pages\/3\/revisions"}],"predecessor-version":[{"id":38472,"href":"https:\/\/dr-jas.de\/en\/wp-json\/wp\/v2\/pages\/3\/revisions\/38472"}],"wp:attachment":[{"href":"https:\/\/dr-jas.de\/en\/wp-json\/wp\/v2\/media?parent=3"}],"curies":[{"name":"wp","href":"https:\/\/api.w.org\/{rel}","templated":true}]}}