{"id":5475,"date":"2021-10-01T13:01:38","date_gmt":"2021-10-01T13:01:38","guid":{"rendered":"https:\/\/dr-jas.de\/terms-conditions\/"},"modified":"2025-05-13T07:31:11","modified_gmt":"2025-05-13T07:31:11","slug":"impressum","status":"publish","type":"page","link":"https:\/\/dr-jas.de\/en\/impressum\/","title":{"rendered":"Legal Notice"},"content":{"rendered":"<div data-elementor-type=\"wp-page\" data-elementor-id=\"5475\" class=\"elementor elementor-5475\" data-elementor-post-type=\"page\">\n\t\t\t\t<div class=\"elementor-element elementor-element-02e1f50 e-con-full e-flex e-con e-parent\" data-id=\"02e1f50\" data-element_type=\"container\" data-e-type=\"container\" data-settings=\"{&quot;animation&quot;:&quot;none&quot;}\">\n\t\t<div class=\"elementor-element elementor-element-9c3d627 e-flex e-con-boxed e-con e-child\" data-id=\"9c3d627\" data-element_type=\"container\" data-e-type=\"container\">\n\t\t\t\t\t<div class=\"e-con-inner\">\n\t\t\t\t<div class=\"elementor-element elementor-element-103dfe4 elementor-widget elementor-widget-the7-heading\" data-id=\"103dfe4\" data-element_type=\"widget\" data-e-type=\"widget\" data-widget_type=\"the7-heading.default\">\n\t\t\t\t<div class=\"elementor-widget-container\">\n\t\t\t\t\t<h2 class=\"the7-heading-title elementor-size-default\">Legal Notice<\/h2>\t\t\t\t<\/div>\n\t\t\t\t<\/div>\n\t\t\t\t<div class=\"elementor-element elementor-element-6e38258 elementor-widget-tablet__width-inherit elementor-widget elementor-widget-text-editor\" data-id=\"6e38258\" data-element_type=\"widget\" data-e-type=\"widget\" data-widget_type=\"text-editor.default\">\n\t\t\t\t<div class=\"elementor-widget-container\">\n\t\t\t\t\t\t\t\t\t<p>Dr. med. Vitus Jas<br \/>Innstra\u00dfe 8<br \/>83022 Rosenheim<br \/>Tel.: 08031 33083<br \/>Fax: 08031 17886<br \/>E-Mail: praxis@dr-jas.de<\/p><p><strong>Verantwortlich f\u00fcr den Inhalt dieser Homepage:<\/strong> Dr. med. Vitus Jas<\/p><p><strong>Berufsbezeichnung:<\/strong> Arzt<br \/><strong>Staat:<\/strong> Deutschland<\/p><p><strong>\u00c4rztekammer:<\/strong><br \/>Bayerische Landes\u00e4rztekammer<br \/>M\u00fchlbaurstra\u00dfe 16<br \/>81677 M\u00fcnchen<\/p><p><strong>Aufsichtsbeh\u00f6rde:<\/strong><br \/>Kassen\u00e4rztliche Vereinigung Bayern<br \/>Arabellastra\u00dfe 30<br \/>81925 M\u00fcnchen<\/p><p><strong>Berufsrechtliche Regelungen:<\/strong><br \/>Berufsordnung f\u00fcr die \u00c4rzte Bayerns<\/p><p><strong>Haftungsausschluss:<\/strong><br \/>Die Inhalte der externen Verweise (Links) stehen au\u00dferhalb unseres Einflussbereichs. Daher \u00fcbernehme ich keine Haftung f\u00fcr die Inhalte der Links. Bei rechtswidrigen Inhalten distanziere ich mich ausdr\u00fccklich davon.<\/p><p><strong>Webdesign und Programmierung:<\/strong> Melina Petschko<span style=\"font-family: Arial, sans-serif;\">\u00a0(<\/span><a style=\"font-family: Arial, sans-serif;\" href=\"https:\/\/pca-partners.de\" target=\"_blank\" rel=\"noopener\">PCA Partners<\/a><span style=\"font-family: Arial, sans-serif;\">)<\/span><\/p>\t\t\t\t\t\t\t\t<\/div>\n\t\t\t\t<\/div>\n\t\t\t\t\t<\/div>\n\t\t\t\t<\/div>\n\t\t\t\t<\/div>\n\t\t\t\t<\/div>","protected":false},"excerpt":{"rendered":"<p>Impressum Dr. med. Vitus JasInnstra\u00dfe 883022 RosenheimTel.: 08031 33083Fax: 08031 17886E-Mail: praxis@dr-jas.de Verantwortlich f\u00fcr den Inhalt dieser Homepage: Dr. med. Vitus Jas Berufsbezeichnung: ArztStaat: Deutschland \u00c4rztekammer:Bayerische Landes\u00e4rztekammerM\u00fchlbaurstra\u00dfe 1681677 M\u00fcnchen Aufsichtsbeh\u00f6rde:Kassen\u00e4rztliche Vereinigung BayernArabellastra\u00dfe 3081925 M\u00fcnchen Berufsrechtliche Regelungen:Berufsordnung f\u00fcr die \u00c4rzte Bayerns Haftungsausschluss:Die Inhalte der externen Verweise (Links) stehen au\u00dferhalb unseres Einflussbereichs. Daher \u00fcbernehme ich keine Haftung&hellip;<\/p>","protected":false},"author":1,"featured_media":0,"parent":0,"menu_order":70,"comment_status":"closed","ping_status":"closed","template":"elementor_header_footer","meta":{"footnotes":""},"class_list":["post-5475","page","type-page","status-publish","hentry"],"aioseo_notices":[],"_links":{"self":[{"href":"https:\/\/dr-jas.de\/en\/wp-json\/wp\/v2\/pages\/5475","targetHints":{"allow":["GET"]}}],"collection":[{"href":"https:\/\/dr-jas.de\/en\/wp-json\/wp\/v2\/pages"}],"about":[{"href":"https:\/\/dr-jas.de\/en\/wp-json\/wp\/v2\/types\/page"}],"author":[{"embeddable":true,"href":"https:\/\/dr-jas.de\/en\/wp-json\/wp\/v2\/users\/1"}],"replies":[{"embeddable":true,"href":"https:\/\/dr-jas.de\/en\/wp-json\/wp\/v2\/comments?post=5475"}],"version-history":[{"count":43,"href":"https:\/\/dr-jas.de\/en\/wp-json\/wp\/v2\/pages\/5475\/revisions"}],"predecessor-version":[{"id":38500,"href":"https:\/\/dr-jas.de\/en\/wp-json\/wp\/v2\/pages\/5475\/revisions\/38500"}],"wp:attachment":[{"href":"https:\/\/dr-jas.de\/en\/wp-json\/wp\/v2\/media?parent=5475"}],"curies":[{"name":"wp","href":"https:\/\/api.w.org\/{rel}","templated":true}]}}